


{"id":234,"date":"2013-12-26T17:05:40","date_gmt":"2013-12-26T16:05:40","guid":{"rendered":"http:\/\/localhost:8888\/europont\/produits\/pont-roulant-monopoutre-pose\/"},"modified":"2014-01-11T22:11:09","modified_gmt":"2014-01-11T21:11:09","slug":"pont-roulant-monopoutre-pose","status":"publish","type":"page","link":"http:\/\/www.europont.fr\/site\/produits\/pont-roulant-monopoutre-pose\/","title":{"rendered":"Pont roulant monopoutre pos\u00e9"},"content":{"rendered":"<h1>Pont roulant monopoutre pos\u00e9<\/h1>\n<p class=\"bold\">Avantages de la conception pos\u00e9e monopoutre :<\/p>\n<ul>\n<li class=\"top5\">Encombrements r\u00e9duits.<\/li>\n<li class=\"top5\">Rapidit\u00e9 et optimisation de la fabrication.<\/li>\n<li class=\"top5\">Construction id\u00e9ale pour les grands b\u00e2timents car elle autorise des port\u00e9es et des charges plus importantes.<\/li>\n<li class=\"top5\">Permet d\u2019adapter plus facilement une plate forme de maintenance.<\/li>\n<li class=\"top5\">La construction caisson permet de r\u00e9duire le poids du pont et ainsi de r\u00e9duire les sollicitations sur la structure porteuse.<\/li>\n<li class=\"top5\">L\u2019utilisation de l\u2019EUROBLOC VT permet d\u2019obtenir un levage virtuellement centr\u00e9, une hauteur de lev\u00e9e optimis\u00e9e et une meilleure utilisation de la surface au sol.<\/li>\n<\/ul>\n<div class=\"pure-g mt20\">\n<p><!-- visuels sur 2 colonnes --><\/p>\n<div class=\"pure-u-1-2 text-left\"><img loading=\"lazy\" decoding=\"async\" alt=\"pos\u00e9e monopoutre - Europont\" src=\"http:\/\/www.europont.fr\/site\/wp-content\/uploads\/2013\/12\/mono03.jpg\" width=\"285\" height=\"200\" \/><\/div>\n<div class=\"pure-u-1-2 text-right\"><img loading=\"lazy\" decoding=\"async\" alt=\"pos\u00e9e monopoutre - Europont\" src=\"http:\/\/www.europont.fr\/site\/wp-content\/uploads\/2013\/12\/mono04.jpg\" width=\"285\" height=\"200\" \/><\/div>\n<\/div>\n<div id=\"accordion\">\n<h4><a href=\"#\">Version profil\u00e9<\/a><\/h4>\n<div><img decoding=\"async\" class=\"img-content\" alt=\"Version profil\u00e9\" src=\"http:\/\/www.europont.fr\/site\/wp-content\/uploads\/2013\/12\/pose01.jpg\" \/>Pont roulant conforme aux <strong>NORMES CE<\/strong>, poutrelle en acier profil\u00e9 normalis\u00e9, peinture jaune manutention.<\/p>\n<div class=\"clear\"><\/div>\n<\/div>\n<h4><a href=\"#\">Version caisson<\/a><\/h4>\n<div><img decoding=\"async\" class=\"img-content\" alt=\"Version profil\u00e9\" src=\"http:\/\/www.europont.fr\/site\/wp-content\/uploads\/2013\/12\/pose02.jpg\" \/>Pont roulant conforme aux <strong>NORMES CE<\/strong>, caisson r\u00e9alis\u00e9 en t\u00f4les d\u2019acier premi\u00e8re qualit\u00e9 assembl\u00e9es sur banc de soudure dans nos unit\u00e9s de fabrication, peinture jaune manutention.<\/p>\n<div class=\"clear\"><\/div>\n<\/div>\n<h4><a href=\"#\">Version compacte avec cha\u00eene porte-c\u00e2ble<\/a><\/h4>\n<div><img decoding=\"async\" class=\"img-content mb60\" alt=\"Version profil\u00e9\" src=\"http:\/\/www.europont.fr\/site\/wp-content\/uploads\/2013\/12\/pose03.jpg\" \/>Sur la base du pont pos\u00e9 monopoutre avec palan \u00e0 c\u00e2ble, l\u2019ensemble des c\u00e2bles de commande et d\u2019alimentation du pont roulant sont int\u00e9gr\u00e9s dans la cha\u00eene porte c\u00e2ble.<\/p>\n<p class=\"mt10\"><strong>Avantages :<\/strong><\/p>\n<ul>\n<li>Livr\u00e9 en standard avec une radiocommande H.F.<\/li>\n<li>L\u2019ensemble unit\u00e9 de levage plus compacte.<\/li>\n<li>Le pont roulant est plus esth\u00e9tique.<\/li>\n<li>Minimise les risques d\u2019accrochages.<\/li>\n<li>Supprime les risques de d\u00e9gradations des lignes d\u2019alimentation.<\/li>\n<\/ul>\n<\/div>\n<\/div>\n<p><!-- fin de accord\u00e9on --><\/p>\n","protected":false},"excerpt":{"rendered":"<p>Pont roulant monopoutre pos\u00e9 Avantages de la conception pos\u00e9e monopoutre : Encombrements r\u00e9duits. Rapidit\u00e9 et optimisation de la fabrication. Construction id\u00e9ale pour les grands b\u00e2timents car elle autorise des port\u00e9es et des charges plus importantes. Permet d\u2019adapter plus facilement une plate forme de maintenance. La construction caisson permet de r\u00e9duire le poids du pont et [&hellip;]<\/p>\n","protected":false},"author":1,"featured_media":0,"parent":8,"menu_order":1,"comment_status":"open","ping_status":"closed","template":"","meta":{"_acf_changed":false,"ngg_post_thumbnail":0,"footnotes":""},"class_list":["post-234","page","type-page","status-publish","hentry"],"acf":[],"aioseo_notices":[],"_links":{"self":[{"href":"http:\/\/www.europont.fr\/site\/wp-json\/wp\/v2\/pages\/234"}],"collection":[{"href":"http:\/\/www.europont.fr\/site\/wp-json\/wp\/v2\/pages"}],"about":[{"href":"http:\/\/www.europont.fr\/site\/wp-json\/wp\/v2\/types\/page"}],"author":[{"embeddable":true,"href":"http:\/\/www.europont.fr\/site\/wp-json\/wp\/v2\/users\/1"}],"replies":[{"embeddable":true,"href":"http:\/\/www.europont.fr\/site\/wp-json\/wp\/v2\/comments?post=234"}],"version-history":[{"count":10,"href":"http:\/\/www.europont.fr\/site\/wp-json\/wp\/v2\/pages\/234\/revisions"}],"predecessor-version":[{"id":557,"href":"http:\/\/www.europont.fr\/site\/wp-json\/wp\/v2\/pages\/234\/revisions\/557"}],"up":[{"embeddable":true,"href":"http:\/\/www.europont.fr\/site\/wp-json\/wp\/v2\/pages\/8"}],"wp:attachment":[{"href":"http:\/\/www.europont.fr\/site\/wp-json\/wp\/v2\/media?parent=234"}],"curies":[{"name":"wp","href":"https:\/\/api.w.org\/{rel}","templated":true}]}}