


{"id":102,"date":"2013-12-05T10:06:41","date_gmt":"2013-12-05T09:06:41","guid":{"rendered":"http:\/\/localhost:8888\/europont\/?page_id=102"},"modified":"2014-01-11T22:47:09","modified_gmt":"2014-01-11T21:47:09","slug":"sav-verlinde","status":"publish","type":"page","link":"https:\/\/www.europont.fr\/site\/partenaires\/sav-verlinde\/","title":{"rendered":"SAV VERLINDE"},"content":{"rendered":"<p><img loading=\"lazy\" decoding=\"async\" class=\"mb10\" alt=\"Verlinde SAV\" src=\"http:\/\/www.europont.fr\/site\/wp-content\/uploads\/2013\/12\/verlindesav02.gif\" width=\"359\" height=\"63\" \/><\/p>\n<h3>Le r\u00e9seau national de service apr\u00e8s-vente Verlinde<\/h3>\n<p class=\"mb10\">C\u2019est la possibilit\u00e9 de faire installer votre mat\u00e9riel, d\u2019\u00e9tablir des contrats de maintenance et de faire reconditionner vos \u00e9quipements par des sp\u00e9cialistes agr\u00e9\u00e9s VERLINDE.<\/p>\n<p class=\"mb10\">Les techniciens du r\u00e9seau SAV VERLINDE connaissent vos unit\u00e9s de levage et sont donc les plus comp\u00e9tents pour toutes les interventions sur votre parc de mat\u00e9riel.<\/p>\n<p class=\"mb10\">Les agences SAV vous proposent les services suivants :<\/p>\n<ul>\n<li class=\"top5\">La fourniture et le remplacement des pi\u00e8ces de rechanges d\u2019origine constructeur (toutes marques).<\/li>\n<li class=\"top5\">La fourniture, l\u2019installation et la mise en service d\u2019unit\u00e9s de levage.<\/li>\n<li class=\"top5\">La fourniture et l\u2019installation de chemins de roulement et des syst\u00e8mes d\u2019\u00e9lectrification.<\/li>\n<li class=\"top5\">L\u2019intervention express.<\/li>\n<li class=\"top5\">La v\u00e9rification p\u00e9riodique.<\/li>\n<li class=\"top5\">Les contrats de maintenance (pr\u00e9ventive, curative ou pr\u00e9dictive).<\/li>\n<li class=\"top5\">La mise en conformit\u00e9.<\/li>\n<li class=\"top5\">La modernisation.<\/li>\n<li class=\"top5\">La formation.<\/li>\n<li class=\"top5\">La gestion de votre parc (GMAO).<\/li>\n<\/ul>\n<p class=\"mt20 mb20\"><a class=\"link-internet\" href=\"http:\/\/www.savverlinde.com\" target=\"_blank\">savverlinde.com<\/a><\/p>\n","protected":false},"excerpt":{"rendered":"<p>Le r\u00e9seau national de service apr\u00e8s-vente Verlinde C\u2019est la possibilit\u00e9 de faire installer votre mat\u00e9riel, d\u2019\u00e9tablir des contrats de maintenance et de faire reconditionner vos \u00e9quipements par des sp\u00e9cialistes agr\u00e9\u00e9s VERLINDE. Les techniciens du r\u00e9seau SAV VERLINDE connaissent vos unit\u00e9s de levage et sont donc les plus comp\u00e9tents pour toutes les interventions sur votre parc [&hellip;]<\/p>\n","protected":false},"author":1,"featured_media":0,"parent":20,"menu_order":1,"comment_status":"open","ping_status":"open","template":"","meta":{"_acf_changed":false,"ngg_post_thumbnail":0,"footnotes":""},"class_list":["post-102","page","type-page","status-publish","hentry"],"acf":[],"aioseo_notices":[],"_links":{"self":[{"href":"https:\/\/www.europont.fr\/site\/wp-json\/wp\/v2\/pages\/102"}],"collection":[{"href":"https:\/\/www.europont.fr\/site\/wp-json\/wp\/v2\/pages"}],"about":[{"href":"https:\/\/www.europont.fr\/site\/wp-json\/wp\/v2\/types\/page"}],"author":[{"embeddable":true,"href":"https:\/\/www.europont.fr\/site\/wp-json\/wp\/v2\/users\/1"}],"replies":[{"embeddable":true,"href":"https:\/\/www.europont.fr\/site\/wp-json\/wp\/v2\/comments?post=102"}],"version-history":[{"count":9,"href":"https:\/\/www.europont.fr\/site\/wp-json\/wp\/v2\/pages\/102\/revisions"}],"predecessor-version":[{"id":562,"href":"https:\/\/www.europont.fr\/site\/wp-json\/wp\/v2\/pages\/102\/revisions\/562"}],"up":[{"embeddable":true,"href":"https:\/\/www.europont.fr\/site\/wp-json\/wp\/v2\/pages\/20"}],"wp:attachment":[{"href":"https:\/\/www.europont.fr\/site\/wp-json\/wp\/v2\/media?parent=102"}],"curies":[{"name":"wp","href":"https:\/\/api.w.org\/{rel}","templated":true}]}}