


{"id":105,"date":"2013-12-05T10:07:53","date_gmt":"2013-12-05T09:07:53","guid":{"rendered":"http:\/\/localhost:8888\/europont\/?page_id=105"},"modified":"2014-01-11T22:49:04","modified_gmt":"2014-01-11T21:49:04","slug":"stagemaker","status":"publish","type":"page","link":"https:\/\/www.europont.fr\/site\/partenaires\/stagemaker\/","title":{"rendered":"STAGEMAKER"},"content":{"rendered":"<p><img loading=\"lazy\" decoding=\"async\" class=\"mb10\" alt=\"stagemaker_logo\" src=\"http:\/\/www.europont.fr\/site\/wp-content\/uploads\/2013\/12\/stagemaker_logo.gif\" width=\"500\" height=\"31\" \/><\/p>\n<h3>Gamme de palans \u00e9lectriques d\u00e9di\u00e9s au monde du spectacle<\/h3>\n<p class=\"mb10\">La gamme de produits STAGEMAKER est le r\u00e9sultat d\u2019une tr\u00e8s longue exp\u00e9rience de VERLINDE dans l\u2019industrie du spectacle et d\u2019une forte coop\u00e9ration avec les acteurs de ce march\u00e9. En 1975, nous \u00e9tions les premiers \u00e0 proposer le palan \u00e9lectrique \u00e0 cha\u00eene invers\u00e9 sur le march\u00e9 europ\u00e9en.<\/p>\n<p class=\"mb10\">STAGEMAKER b\u00e9n\u00e9fice d\u2019une excellente r\u00e9putation, au niveau mondial, au sein de l\u2019industrie du spectacle et des th\u00e9\u00e2tres avec plus de 38 ans d\u2019expertise et d\u2019exp\u00e9rience sur ces segments de march\u00e9, tels que th\u00e9\u00e2tres, concerts, salons et autres \u00e9v\u00e9nements,&#8230; Cette long\u00e9vit\u00e9 ainsi que la longue liste de nos r\u00e9f\u00e9rences sont les preuves de la durabilit\u00e9 et de la fiabilit\u00e9 de nos fabrications.<\/p>\n<p class=\"mt20 mb20\"><a class=\"link-internet\" href=\"http:\/\/www.stagemaker.com\" target=\"_blank\">stagemaker.com<\/a><\/p>\n","protected":false},"excerpt":{"rendered":"<p>Gamme de palans \u00e9lectriques d\u00e9di\u00e9s au monde du spectacle La gamme de produits STAGEMAKER est le r\u00e9sultat d\u2019une tr\u00e8s longue exp\u00e9rience de VERLINDE dans l\u2019industrie du spectacle et d\u2019une forte coop\u00e9ration avec les acteurs de ce march\u00e9. En 1975, nous \u00e9tions les premiers \u00e0 proposer le palan \u00e9lectrique \u00e0 cha\u00eene invers\u00e9 sur le march\u00e9 europ\u00e9en. [&hellip;]<\/p>\n","protected":false},"author":1,"featured_media":0,"parent":20,"menu_order":2,"comment_status":"open","ping_status":"open","template":"","meta":{"_acf_changed":false,"ngg_post_thumbnail":0,"footnotes":""},"class_list":["post-105","page","type-page","status-publish","hentry"],"acf":[],"aioseo_notices":[],"_links":{"self":[{"href":"https:\/\/www.europont.fr\/site\/wp-json\/wp\/v2\/pages\/105"}],"collection":[{"href":"https:\/\/www.europont.fr\/site\/wp-json\/wp\/v2\/pages"}],"about":[{"href":"https:\/\/www.europont.fr\/site\/wp-json\/wp\/v2\/types\/page"}],"author":[{"embeddable":true,"href":"https:\/\/www.europont.fr\/site\/wp-json\/wp\/v2\/users\/1"}],"replies":[{"embeddable":true,"href":"https:\/\/www.europont.fr\/site\/wp-json\/wp\/v2\/comments?post=105"}],"version-history":[{"count":11,"href":"https:\/\/www.europont.fr\/site\/wp-json\/wp\/v2\/pages\/105\/revisions"}],"predecessor-version":[{"id":503,"href":"https:\/\/www.europont.fr\/site\/wp-json\/wp\/v2\/pages\/105\/revisions\/503"}],"up":[{"embeddable":true,"href":"https:\/\/www.europont.fr\/site\/wp-json\/wp\/v2\/pages\/20"}],"wp:attachment":[{"href":"https:\/\/www.europont.fr\/site\/wp-json\/wp\/v2\/media?parent=105"}],"curies":[{"name":"wp","href":"https:\/\/api.w.org\/{rel}","templated":true}]}}