


{"id":134,"date":"2013-12-05T10:47:02","date_gmt":"2013-12-05T09:47:02","guid":{"rendered":"http:\/\/localhost:8888\/europont\/?page_id=134"},"modified":"2014-01-15T12:54:18","modified_gmt":"2014-01-15T11:54:18","slug":"les-normes-de-levage","status":"publish","type":"page","link":"https:\/\/www.europont.fr\/site\/normes\/les-normes-de-levage\/","title":{"rendered":"Les normes de levage"},"content":{"rendered":"<p><img loading=\"lazy\" decoding=\"async\" class=\"img-gauche\" alt=\"CE\" src=\"http:\/\/www.europont.fr\/site\/wp-content\/uploads\/2013\/12\/CE.gif\" width=\"50\" height=\"50\" \/><\/p>\n<p><b>Directive CE :<\/b> la norme \u201cCE\u201d relative aux machines, impose aux constructeurs de machines d\u2019harmoniser leur production en fonction de certaines dispositions, normes, r\u00e8gles nationales et sp\u00e9cifications techniques.<br \/>\nChaque appareil VERLINDE est marqu\u00e9 \u201cCE\u201d et est livr\u00e9 avec \u201cun certificat de conformit\u00e9 CE\u201d (annexe IIA) ou avec un certificat d\u2019incorporation (annexe IIB).<\/p>\n<p class=\"mt10\"><b>FEM :<\/b> F\u00e9d\u00e9ration Europ\u00e9enne de la Manutention.<\/p>\n<p class=\"mt10\"><b>SWP :<\/b> Safe Working Period. Traduction pour : \u201cP\u00e9riode de travail en toute s\u00e9curit\u00e9\u201d de l\u2019unit\u00e9 de levage est d\u00e9termin\u00e9e en fonction du temps moyen d\u2019utilisation du m\u00e9canisme de levage, du spectre de charge et du groupe d\u2019utilisation. Apr\u00e8s cette p\u00e9riode, une r\u00e9vision g\u00e9n\u00e9rale prescrite par le constructeur est n\u00e9cessaire.<\/p>\n<p class=\"mt10\"><b>Groupe d\u2019utilisation :<\/b> suivant la classification de la FEM, il faut prendre en compte deux crit\u00e8res fondamentaux : l\u2019\u00e9tat de sollicitation du palan et les classes de fonctionnement (li\u00e9s au temps moyen d\u2019utilisation journalier et au mouvement de levage de l\u2019appareil).<\/p>\n<p class=\"mt10\"><b>Norme ISO :<\/b> les groupes d\u2019utilisation peuvent \u00eatre \u00e9galement d\u00e9finis en groupe ISO (1Am = M4, 2m = M5, 3m = M6,&#8230;).<\/p>\n<p class=\"mt10\"><b>Etat de sollicitation.<\/b> Service l\u00e9ger. Appareil soumis exceptionnellement \u00e0 la sollicitation maximale et couramment \u00e0 des sollicitations tr\u00e8s faibles. Service moyen. Appareil soumis, assez souvent \u00e0 la sollicitation maximale et couramment \u00e0 des sollicitations faibles. Service lourd. Appareil soumis fr\u00e9quemment \u00e0 la sollicitation maximale et couramment \u00e0 des sollicitations moyennes. Service tr\u00e8s lourd. Appareil soumis r\u00e9guli\u00e8rement \u00e0 des sollicitations voisines de la sollicitation maximale.<\/p>\n<table class=\"mt20\" width=\"100%\" cellspacing=\"0\" cellpadding=\"0\">\n<tbody>\n<tr>\n<td class=\"data-1\">Temps moyen journalier<br \/>\nde fonctionnement<br \/>\nen heures<\/td>\n<td class=\"data-2\" colspan=\"2\">\u2264 0,5<\/td>\n<td class=\"data-2\" colspan=\"2\">\u2264 1<\/td>\n<td class=\"data-2\" colspan=\"2\">\u2264 2<\/td>\n<td class=\"data-2\" colspan=\"2\">\u2264 4<\/td>\n<td class=\"data-2\" colspan=\"2\">\u2264 8<\/td>\n<td class=\"data-2\" colspan=\"2\">\u2264 16<\/td>\n<\/tr>\n<tr>\n<td class=\"data-3\">Clause de fonctionnement<\/td>\n<td class=\"data-4 gris-1\">V0,25<\/td>\n<td class=\"data-4 gris-2\">T2<\/td>\n<td class=\"data-4 gris-1\">V0,5<\/td>\n<td class=\"data-4 gris-2\">T3<\/td>\n<td class=\"data-4 gris-1\">V1<\/td>\n<td class=\"data-4 gris-2\">T4<\/td>\n<td class=\"data-4 gris-1\">V2<\/td>\n<td class=\"data-4 gris-2\">T5<\/td>\n<td class=\"data-4 gris-1\">V3<\/td>\n<td class=\"data-4 gris-2\">T6<\/td>\n<td class=\"data-4 gris-1\">V4<\/td>\n<td class=\"data-4 gris-2\">T7<\/td>\n<\/tr>\n<\/tbody>\n<\/table>\n<table width=\"100%\" cellspacing=\"0\" cellpadding=\"0\">\n<tbody>\n<tr>\n<td class=\"data-5\" rowspan=\"4\">Etat de sollicitation<\/td>\n<td class=\"data-6 gris-1\">L1<\/td>\n<td class=\"data-7\">L\u00e9ger<\/td>\n<td class=\"data-8 gris-1\"><\/td>\n<td class=\"data-8 gris-2\"><\/td>\n<td class=\"data-8 gris-1\"><\/td>\n<td class=\"data-8 gris-2\"><\/td>\n<td class=\"data-8 gris-1\">1Bm<\/td>\n<td class=\"data-8 gris-2\">M3<\/td>\n<td class=\"data-8 gris-1\">1Am<\/td>\n<td class=\"data-8 gris-2\">M4<\/td>\n<td class=\"data-8 gris-1\">2m<\/td>\n<td class=\"data-8 gris-2\">M5<\/td>\n<td class=\"data-8 gris-1\">V4<\/td>\n<td class=\"data-8 gris-2\">M6<\/td>\n<\/tr>\n<tr>\n<td class=\"data-6 gris-1\">L2<\/td>\n<td class=\"data-7\">Moyen<\/td>\n<td class=\"data-8 gris-1\"><\/td>\n<td class=\"data-8 gris-2\"><\/td>\n<td class=\"data-8 gris-1\">1Bm<\/td>\n<td class=\"data-8 gris-2\">M3<\/td>\n<td class=\"data-8 gris-1\">1Am<\/td>\n<td class=\"data-8 gris-2\">M4<\/td>\n<td class=\"data-8 gris-1\">2m<\/td>\n<td class=\"data-8 gris-2\">M5<\/td>\n<td class=\"data-8 gris-1\">3m<\/td>\n<td class=\"data-8 gris-2\">M6<\/td>\n<td class=\"data-8 gris-1\"><\/td>\n<td class=\"data-8 gris-2\"><\/td>\n<\/tr>\n<tr>\n<td class=\"data-6 gris-1\">L3<\/td>\n<td class=\"data-7\">Lourd<\/td>\n<td class=\"data-8 gris-1\">1Bm<\/td>\n<td class=\"data-8 gris-2\">M3<\/td>\n<td class=\"data-8 gris-1\">1Am<\/td>\n<td class=\"data-8 gris-2\">M4<\/td>\n<td class=\"data-8 gris-1\">2m<\/td>\n<td class=\"data-8 gris-2\">M5<\/td>\n<td class=\"data-8 gris-1\">3m<\/td>\n<td class=\"data-8 gris-2\">M6<\/td>\n<td class=\"data-8 gris-1\"><\/td>\n<td class=\"data-8 gris-2\"><\/td>\n<td class=\"data-8 gris-1\"><\/td>\n<td class=\"data-8 gris-2\"><\/td>\n<\/tr>\n<tr>\n<td class=\"data-6 gris-1\">L4<\/td>\n<td class=\"data-7\">Tr\u00e8s lourd<\/td>\n<td class=\"data-9 gris-1\">1Am<\/td>\n<td class=\"data-9 gris-2\">M4<\/td>\n<td class=\"data-9 gris-1\">2m<\/td>\n<td class=\"data-9 gris-2\">M5<\/td>\n<td class=\"data-9 gris-1\">3m<\/td>\n<td class=\"data-9 gris-2\">M6<\/td>\n<td class=\"data-9 gris-1\"><\/td>\n<td class=\"data-9 gris-2\"><\/td>\n<td class=\"data-9 gris-1\"><\/td>\n<td class=\"data-9 gris-2\"><\/td>\n<td class=\"data-9 gris-1\"><\/td>\n<td class=\"data-9 gris-2\"><\/td>\n<\/tr>\n<\/tbody>\n<\/table>\n<table class=\"mt20 mb10\" width=\"100%\" cellspacing=\"0\" cellpadding=\"0\">\n<tbody>\n<tr>\n<td class=\"data-3\">Groupe<\/td>\n<td class=\"data-8 gris-1\"><\/td>\n<td class=\"data-8 gris-2\"><\/td>\n<td class=\"data-8 gris-1\"><\/td>\n<td class=\"data-8 gris-2\"><\/td>\n<td class=\"data-8 gris-1\">1Bm<\/td>\n<td class=\"data-8 gris-2\">M3<\/td>\n<td class=\"data-8 gris-1\">1Am<\/td>\n<td class=\"data-8 gris-2\">M4<\/td>\n<td class=\"data-8 gris-1\">2m<\/td>\n<td class=\"data-8 gris-2\">M5<\/td>\n<td class=\"data-8 gris-1\">3m<\/td>\n<td class=\"data-8 gris-2\">M6<\/td>\n<\/tr>\n<tr>\n<td class=\"data-3\">Facteur de marche*<\/td>\n<td class=\"data-8 gris-1\"><\/td>\n<td class=\"data-8 gris-2\"><\/td>\n<td class=\"data-8 gris-1\"><\/td>\n<td class=\"data-8 gris-2\"><\/td>\n<td class=\"data-8\" colspan=\"2\">25%<\/td>\n<td class=\"data-8\" colspan=\"2\">30%<\/td>\n<td class=\"data-8\" colspan=\"2\">40%<\/td>\n<td class=\"data-8\" colspan=\"2\">50%<\/td>\n<\/tr>\n<tr>\n<td class=\"data-3\">Nombre de d\u00e9marrages par heure<\/td>\n<td class=\"data-9 gris-1\"><\/td>\n<td class=\"data-9 gris-2\"><\/td>\n<td class=\"data-9 gris-1\"><\/td>\n<td class=\"data-9 gris-2\"><\/td>\n<td class=\"data-9\" colspan=\"2\">150<\/td>\n<td class=\"data-9\" colspan=\"2\">180<\/td>\n<td class=\"data-9\" colspan=\"2\">240<\/td>\n<td class=\"data-9\" colspan=\"2\">300<\/td>\n<\/tr>\n<\/tbody>\n<\/table>\n<div class=\"legende gris-1\"><\/div>\n<p>Classification normes F.E.M. 9511<\/p>\n<div class=\"legende gris-2\"><\/div>\n<p>Classification normes ISO.<\/p>\n<p class=\"mt5\">*Facteur de marche en % =<br \/>\n(tps de mont\u00e9e + tps de descente) \/ (tps de mont\u00e9e + tps d&rsquo;arr\u00eat + tps de descente + tps d&rsquo;arr\u00eat) x 100<\/p>\n","protected":false},"excerpt":{"rendered":"<p>Directive CE : la norme \u201cCE\u201d relative aux machines, impose aux constructeurs de machines d\u2019harmoniser leur production en fonction de certaines dispositions, normes, r\u00e8gles nationales et sp\u00e9cifications techniques. Chaque appareil VERLINDE est marqu\u00e9 \u201cCE\u201d et est livr\u00e9 avec \u201cun certificat de conformit\u00e9 CE\u201d (annexe IIA) ou avec un certificat d\u2019incorporation (annexe IIB). FEM : F\u00e9d\u00e9ration [&hellip;]<\/p>\n","protected":false},"author":1,"featured_media":0,"parent":12,"menu_order":4,"comment_status":"open","ping_status":"open","template":"","meta":{"_acf_changed":false,"ngg_post_thumbnail":0,"footnotes":""},"class_list":["post-134","page","type-page","status-publish","hentry"],"acf":[],"aioseo_notices":[],"_links":{"self":[{"href":"https:\/\/www.europont.fr\/site\/wp-json\/wp\/v2\/pages\/134"}],"collection":[{"href":"https:\/\/www.europont.fr\/site\/wp-json\/wp\/v2\/pages"}],"about":[{"href":"https:\/\/www.europont.fr\/site\/wp-json\/wp\/v2\/types\/page"}],"author":[{"embeddable":true,"href":"https:\/\/www.europont.fr\/site\/wp-json\/wp\/v2\/users\/1"}],"replies":[{"embeddable":true,"href":"https:\/\/www.europont.fr\/site\/wp-json\/wp\/v2\/comments?post=134"}],"version-history":[{"count":10,"href":"https:\/\/www.europont.fr\/site\/wp-json\/wp\/v2\/pages\/134\/revisions"}],"predecessor-version":[{"id":577,"href":"https:\/\/www.europont.fr\/site\/wp-json\/wp\/v2\/pages\/134\/revisions\/577"}],"up":[{"embeddable":true,"href":"https:\/\/www.europont.fr\/site\/wp-json\/wp\/v2\/pages\/12"}],"wp:attachment":[{"href":"https:\/\/www.europont.fr\/site\/wp-json\/wp\/v2\/media?parent=134"}],"curies":[{"name":"wp","href":"https:\/\/api.w.org\/{rel}","templated":true}]}}