


{"id":233,"date":"2013-12-26T17:05:40","date_gmt":"2013-12-26T16:05:40","guid":{"rendered":"http:\/\/localhost:8888\/europont\/produits\/pont-roulant-bipoutre-pose\/"},"modified":"2014-01-11T22:13:40","modified_gmt":"2014-01-11T21:13:40","slug":"pont-roulant-bipoutre-pose","status":"publish","type":"page","link":"https:\/\/www.europont.fr\/site\/produits\/pont-roulant-bipoutre-pose\/","title":{"rendered":"Pont roulant bipoutre pos\u00e9"},"content":{"rendered":"<h1>Pont roulant bipoutre pos\u00e9<\/h1>\n<p class=\"bold\">Avantages de la conception bipoutre :<\/p>\n<ul>\n<li class=\"top5\">Meilleure hauteur de lev\u00e9e et meilleure stabilit\u00e9.<\/li>\n<li class=\"top5\">Autorise une port\u00e9e et une charge plus importantes.<\/li>\n<li class=\"top5\">Possibilit\u00e9 d\u2019utiliser des palans combin\u00e9s pour un levage auxiliaire sur un m\u00eame chariot.<\/li>\n<li class=\"top5\">Possibilit\u00e9 d\u2019utiliser des sommiers boggies (8 galets de roulements) pour une meilleure r\u00e9partition des charges sur les rails de roulement (optimisation de la structure) et r\u00e9duire le gabarit et le poids du pont roulant.<\/li>\n<li class=\"top5\">Permet d\u2019adapter plus facilement une passerelle de maintenance.<\/li>\n<li class=\"top5\">L\u2019utilisation de l\u2019EUROBLOC VT permet d\u2019obtenir un levage virtuellement centr\u00e9, une hauteur de lev\u00e9e optimis\u00e9e et une meilleure utilisation de la surface au sol.<\/li>\n<\/ul>\n<div class=\"pure-g mt20\">\n<p><!-- visuels sur 2 colonnes --><\/p>\n<div class=\"pure-u-1-2 text-left\"><img loading=\"lazy\" decoding=\"async\" alt=\"pos\u00e9e bipoutre - Europont\" src=\"http:\/\/www.europont.fr\/site\/wp-content\/uploads\/2013\/12\/bipoutre01.jpg\" width=\"285\" height=\"200\" \/><\/div>\n<div class=\"pure-u-1-2 text-right\"><img loading=\"lazy\" decoding=\"async\" alt=\"pos\u00e9e bipoutre - Europont\" src=\"http:\/\/www.europont.fr\/site\/wp-content\/uploads\/2013\/12\/bipoutre02.jpg\" width=\"285\" height=\"200\" \/><\/div>\n<\/div>\n<div id=\"accordion\">\n<h4><a href=\"#\">Version profil\u00e9<\/a><\/h4>\n<div><img decoding=\"async\" class=\"img-content\" alt=\"Version profil\u00e9\" src=\"http:\/\/www.europont.fr\/site\/wp-content\/uploads\/2013\/12\/bipoutre03.jpg\" \/>Pont roulant conforme aux <strong>NORMES CE<\/strong>, poutrelle en acier profil\u00e9 normalis\u00e9, peinture jaune manutention.<\/p>\n<div class=\"clear\"><\/div>\n<\/div>\n<h4><a href=\"#\">Version caisson<\/a><\/h4>\n<div>Pont roulant conforme aux <strong>NORMES CE<\/strong>, caisson r\u00e9alis\u00e9 en t\u00f4les d\u2019acier premi\u00e8re qualit\u00e9 assembl\u00e9es sur banc de soudure dans nos unit\u00e9s de fabrication, peinture jaune manutention.<\/p>\n<div class=\"clear\"><\/div>\n<\/div>\n<h4><a href=\"#\">Version compacte avec cha\u00eene porte-c\u00e2ble<\/a><\/h4>\n<div>Sur la base du pont bipoutre avec palan \u00e0 c\u00e2ble, l\u2019ensemble des c\u00e2bles de commande et d\u2019alimentation du pont roulant sont int\u00e9gr\u00e9s dans la cha\u00eene porte c\u00e2ble.<\/p>\n<p class=\"mt10\"><strong>Avantages :<\/strong><\/p>\n<ul>\n<li>Livr\u00e9 en standard avec une radiocommande H.F.<\/li>\n<li>L\u2019ensemble unit\u00e9 de levage plus compacte.<\/li>\n<li>Le pont roulant est plus esth\u00e9tique.<\/li>\n<li>Supprime les risques de d\u00e9gradations des lignes d\u2019alimentation.<\/li>\n<\/ul>\n<\/div>\n<\/div>\n<p><!-- fin de accord\u00e9on --><\/p>\n","protected":false},"excerpt":{"rendered":"<p>Pont roulant bipoutre pos\u00e9 Avantages de la conception bipoutre : Meilleure hauteur de lev\u00e9e et meilleure stabilit\u00e9. Autorise une port\u00e9e et une charge plus importantes. Possibilit\u00e9 d\u2019utiliser des palans combin\u00e9s pour un levage auxiliaire sur un m\u00eame chariot. Possibilit\u00e9 d\u2019utiliser des sommiers boggies (8 galets de roulements) pour une meilleure r\u00e9partition des charges sur les [&hellip;]<\/p>\n","protected":false},"author":1,"featured_media":0,"parent":8,"menu_order":2,"comment_status":"open","ping_status":"closed","template":"","meta":{"_acf_changed":false,"ngg_post_thumbnail":0,"footnotes":""},"class_list":["post-233","page","type-page","status-publish","hentry"],"acf":[],"aioseo_notices":[],"_links":{"self":[{"href":"https:\/\/www.europont.fr\/site\/wp-json\/wp\/v2\/pages\/233"}],"collection":[{"href":"https:\/\/www.europont.fr\/site\/wp-json\/wp\/v2\/pages"}],"about":[{"href":"https:\/\/www.europont.fr\/site\/wp-json\/wp\/v2\/types\/page"}],"author":[{"embeddable":true,"href":"https:\/\/www.europont.fr\/site\/wp-json\/wp\/v2\/users\/1"}],"replies":[{"embeddable":true,"href":"https:\/\/www.europont.fr\/site\/wp-json\/wp\/v2\/comments?post=233"}],"version-history":[{"count":7,"href":"https:\/\/www.europont.fr\/site\/wp-json\/wp\/v2\/pages\/233\/revisions"}],"predecessor-version":[{"id":533,"href":"https:\/\/www.europont.fr\/site\/wp-json\/wp\/v2\/pages\/233\/revisions\/533"}],"up":[{"embeddable":true,"href":"https:\/\/www.europont.fr\/site\/wp-json\/wp\/v2\/pages\/8"}],"wp:attachment":[{"href":"https:\/\/www.europont.fr\/site\/wp-json\/wp\/v2\/media?parent=233"}],"curies":[{"name":"wp","href":"https:\/\/api.w.org\/{rel}","templated":true}]}}