


{"id":237,"date":"2013-12-26T17:07:15","date_gmt":"2013-12-26T16:07:15","guid":{"rendered":"http:\/\/localhost:8888\/europont\/produits\/composants-de-ponts-roulants\/palan-electrique-a-chaine\/"},"modified":"2014-01-15T18:52:52","modified_gmt":"2014-01-15T17:52:52","slug":"palan-electrique-a-chaine","status":"publish","type":"page","link":"https:\/\/www.europont.fr\/site\/produits\/composants-de-ponts-roulants\/palan-electrique-a-chaine\/","title":{"rendered":"Palan \u00e9lectrique \u00e0\u00a0cha\u00eene"},"content":{"rendered":"<h1>Palan \u00e9lectrique \u00e0 cha\u00eene<\/h1>\n<ul>\n<li class=\"top5\">Palan \u00e9lectrique \u00e0 cha\u00eene type EUROCHAIN VL et EUROCHAIN VR.<\/li>\n<li class=\"top5\">Compact, performant et fiable.<\/li>\n<li class=\"top5\">Large choix de vitesses de levage.<\/li>\n<li class=\"top5\">Accoupl\u00e9 \u00e0 un chariot \u00e0 direction \u00e9lectrique.<\/li>\n<li class=\"top5\">Palan \u00e0 hauteur perdue r\u00e9duite.<\/li>\n<li class=\"top5\">Cha\u00eene \u00e9lectrozingu\u00e9e.<\/li>\n<li class=\"top5\">Fin de course \u00e0 4 cames.<\/li>\n<li class=\"top5\">Palan \u00e9lectrique \u00e0 cha\u00eene disponible en version antid\u00e9flagrant et\/ou anti-\u00e9tincelles.<\/li>\n<\/ul>\n<div class=\"pure-g mt20\">\n<div class=\"pure-u-1 text-center\"><img decoding=\"async\" alt=\"Gamme Verlinde Eurochain VR et Eurochain VL - Europont\" src=\"http:\/\/www.europont.fr\/site\/wp-content\/uploads\/2013\/12\/gamme_vr.jpg\" \/><\/div>\n<\/div>\n","protected":false},"excerpt":{"rendered":"<p>Palan \u00e9lectrique \u00e0 cha\u00eene Palan \u00e9lectrique \u00e0 cha\u00eene type EUROCHAIN VL et EUROCHAIN VR. Compact, performant et fiable. Large choix de vitesses de levage. Accoupl\u00e9 \u00e0 un chariot \u00e0 direction \u00e9lectrique. Palan \u00e0 hauteur perdue r\u00e9duite. Cha\u00eene \u00e9lectrozingu\u00e9e. Fin de course \u00e0 4 cames. Palan \u00e9lectrique \u00e0 cha\u00eene disponible en version antid\u00e9flagrant et\/ou anti-\u00e9tincelles.<\/p>\n","protected":false},"author":1,"featured_media":0,"parent":232,"menu_order":1,"comment_status":"open","ping_status":"closed","template":"","meta":{"_acf_changed":false,"ngg_post_thumbnail":0,"footnotes":""},"class_list":["post-237","page","type-page","status-publish","hentry"],"acf":[],"aioseo_notices":[],"_links":{"self":[{"href":"https:\/\/www.europont.fr\/site\/wp-json\/wp\/v2\/pages\/237"}],"collection":[{"href":"https:\/\/www.europont.fr\/site\/wp-json\/wp\/v2\/pages"}],"about":[{"href":"https:\/\/www.europont.fr\/site\/wp-json\/wp\/v2\/types\/page"}],"author":[{"embeddable":true,"href":"https:\/\/www.europont.fr\/site\/wp-json\/wp\/v2\/users\/1"}],"replies":[{"embeddable":true,"href":"https:\/\/www.europont.fr\/site\/wp-json\/wp\/v2\/comments?post=237"}],"version-history":[{"count":10,"href":"https:\/\/www.europont.fr\/site\/wp-json\/wp\/v2\/pages\/237\/revisions"}],"predecessor-version":[{"id":579,"href":"https:\/\/www.europont.fr\/site\/wp-json\/wp\/v2\/pages\/237\/revisions\/579"}],"up":[{"embeddable":true,"href":"https:\/\/www.europont.fr\/site\/wp-json\/wp\/v2\/pages\/232"}],"wp:attachment":[{"href":"https:\/\/www.europont.fr\/site\/wp-json\/wp\/v2\/media?parent=237"}],"curies":[{"name":"wp","href":"https:\/\/api.w.org\/{rel}","templated":true}]}}