


{"id":241,"date":"2013-12-26T17:11:16","date_gmt":"2013-12-26T16:11:16","guid":{"rendered":"http:\/\/localhost:8888\/europont\/?page_id=241"},"modified":"2014-01-12T11:21:06","modified_gmt":"2014-01-12T10:21:06","slug":"variator-asr","status":"publish","type":"page","link":"https:\/\/www.europont.fr\/site\/produits\/produits-electroniques\/variator-asr\/","title":{"rendered":"Variator ASR"},"content":{"rendered":"<h1>Variation ASR<\/h1>\n<p><strong>Syst\u00e8me de variation de vitesse en levage pour palan et pont roulant.<\/strong><br \/>\nCette option permet d\u2019adapter automatiquement la vitesse de levage selon la charge au crochet.<br \/>\nD\u00e9sormais, vous pouvez dissocier la vitesse de levage et le couple moteur : la vitesse pour la r\u00e9duction des temps de cycle afin d\u2019accro\u00eetre la productivit\u00e9 de l\u2019unit\u00e9 de levage en fonctionnement sans charge, ainsi que le couple moteur pour le levage avec charge afin d\u2019effectuer les d\u00e9placements avec pr\u00e9cision et avec le maximum de r\u00e9serve de puissance.<\/p>\n<p>&nbsp;<\/p>\n<p><strong>Avantages produit :<\/strong><\/p>\n<ul>\n<li class=\"top5\">Jusqu\u2019\u00e0 50% d\u2019\u00e9conomie sur la consommation \u00e9lectrique.<\/li>\n<li class=\"top5\">Obtention automatique de la vitesse adapt\u00e9e en fonction de la charge.<\/li>\n<li class=\"top5\">Am\u00e9lioration de la productivit\u00e9 et de la s\u00e9curit\u00e9.<\/li>\n<li class=\"top5\">Am\u00e9lioration de la pr\u00e9cision des d\u00e9placements de charge.<\/li>\n<li class=\"top5\">Meilleur retour sur investissement.<\/li>\n<li class=\"top5\">Utilisation optimale de la surface de travail et de l\u2019approche crochet.<\/li>\n<li class=\"top5\">Augmentation de la dur\u00e9e de vie du moteur.<\/li>\n<li class=\"top5\">L\u2019utilisation de faible amp\u00e9rage pour l\u2019alimentation du pont permet de r\u00e9duire les co\u00fbts d\u2019investissement sur les lignes d\u2019alimentation.<\/li>\n<li class=\"top5\">Suivant normes et fiscalit\u00e9 locale, possibilit\u00e9 d\u2019obtenir des subventions financi\u00e8res dans le cadre des politiques d\u2019\u00e9conomie d\u2019\u00e9nergie.<\/li>\n<\/ul>\n<p><img loading=\"lazy\" decoding=\"async\" class=\"alignnone size-full wp-image-356\" alt=\"Variator ASR de Verlinde\" src=\"http:\/\/www.europont.fr\/site\/wp-content\/uploads\/2013\/12\/asr01.jpg\" width=\"348\" height=\"232\" srcset=\"https:\/\/www.europont.fr\/site\/wp-content\/uploads\/2013\/12\/asr01.jpg 348w, https:\/\/www.europont.fr\/site\/wp-content\/uploads\/2013\/12\/asr01-300x200.jpg 300w\" sizes=\"(max-width: 348px) 100vw, 348px\" \/><\/p>\n<p><strong>Principe de fonctionnement :<\/strong><br \/>\nPour la majorit\u00e9 des utilisations avec les moteurs type A (ASR) (jusqu\u2019\u00e0 35% de la charge nominale), vous pouvez utiliser le palan avec sa vitesse nominale, voire m\u00eame au-del\u00e0.<br \/>\nCette option permet d\u2019adapter automatiquement la vitesse de levage selon la charge au crochet.<br \/>\n<img loading=\"lazy\" decoding=\"async\" class=\"alignnone size-full wp-image-355\" alt=\"principe de fonctionnement du variator ASR de Verlinde\" src=\"http:\/\/www.europont.fr\/site\/wp-content\/uploads\/2013\/12\/asr02.jpg\" width=\"360\" height=\"390\" srcset=\"https:\/\/www.europont.fr\/site\/wp-content\/uploads\/2013\/12\/asr02.jpg 360w, https:\/\/www.europont.fr\/site\/wp-content\/uploads\/2013\/12\/asr02-276x300.jpg 276w\" sizes=\"(max-width: 360px) 100vw, 360px\" \/><\/p>\n","protected":false},"excerpt":{"rendered":"<p>Variation ASR Syst\u00e8me de variation de vitesse en levage pour palan et pont roulant. Cette option permet d\u2019adapter automatiquement la vitesse de levage selon la charge au crochet. D\u00e9sormais, vous pouvez dissocier la vitesse de levage et le couple moteur : la vitesse pour la r\u00e9duction des temps de cycle afin d\u2019accro\u00eetre la productivit\u00e9 de [&hellip;]<\/p>\n","protected":false},"author":1,"featured_media":0,"parent":231,"menu_order":0,"comment_status":"open","ping_status":"open","template":"","meta":{"_acf_changed":false,"ngg_post_thumbnail":0,"footnotes":""},"class_list":["post-241","page","type-page","status-publish","hentry"],"acf":[],"aioseo_notices":[],"_links":{"self":[{"href":"https:\/\/www.europont.fr\/site\/wp-json\/wp\/v2\/pages\/241"}],"collection":[{"href":"https:\/\/www.europont.fr\/site\/wp-json\/wp\/v2\/pages"}],"about":[{"href":"https:\/\/www.europont.fr\/site\/wp-json\/wp\/v2\/types\/page"}],"author":[{"embeddable":true,"href":"https:\/\/www.europont.fr\/site\/wp-json\/wp\/v2\/users\/1"}],"replies":[{"embeddable":true,"href":"https:\/\/www.europont.fr\/site\/wp-json\/wp\/v2\/comments?post=241"}],"version-history":[{"count":20,"href":"https:\/\/www.europont.fr\/site\/wp-json\/wp\/v2\/pages\/241\/revisions"}],"predecessor-version":[{"id":568,"href":"https:\/\/www.europont.fr\/site\/wp-json\/wp\/v2\/pages\/241\/revisions\/568"}],"up":[{"embeddable":true,"href":"https:\/\/www.europont.fr\/site\/wp-json\/wp\/v2\/pages\/231"}],"wp:attachment":[{"href":"https:\/\/www.europont.fr\/site\/wp-json\/wp\/v2\/media?parent=241"}],"curies":[{"name":"wp","href":"https:\/\/api.w.org\/{rel}","templated":true}]}}