


{"id":34,"date":"2013-12-04T19:53:05","date_gmt":"2013-12-04T18:53:05","guid":{"rendered":"http:\/\/localhost:8888\/europont\/?page_id=34"},"modified":"2014-01-11T21:23:36","modified_gmt":"2014-01-11T20:23:36","slug":"un-leader-national","status":"publish","type":"page","link":"https:\/\/www.europont.fr\/site\/societe\/un-leader-national\/","title":{"rendered":"Un leader national"},"content":{"rendered":"<h1>Verlinde, leader national des composants de levage&#8230;<\/h1>\n<p>Verlinde associe EUROPONT depuis plus de 20 ans \u00e0 son ambition europ\u00e9enne. EUROPONT est le premier r\u00e9seau de constructeurs r\u00e9gionaux de ponts roulants.<\/p>\n<ul>\n<li class=\"top5\">Parce que vous recherchez le conseil pour investir dans une installation de ponts roulants.<\/li>\n<li class=\"top5\">Parce que vous attendez s\u00e9curit\u00e9, garantie et services d\u2019un fabricant de ponts roulants.<\/li>\n<li class=\"top5\">Parce que vous souhaitez une r\u00e9ponse unique en terme d\u2019interlocuteur pour r\u00e9pondre \u00e0 vos besoins en terme de levage (fourniture et montage des potences, palans&#8230;), chemins de roulement, structure porteuse, lignes d\u2019alimentation, formation, service apr\u00e8s-vente, contrat de maintenance, assistance et r\u00e9ception du mat\u00e9riel avec charges d\u2019\u00e9preuve.<\/li>\n<\/ul>\n<p><img loading=\"lazy\" decoding=\"async\" class=\"mt15 mb15\" alt=\"usine de production Verlinde\" src=\"http:\/\/www.europont.fr\/site\/wp-content\/uploads\/2013\/12\/usine-300x110.jpg\" width=\"300\" height=\"110\" \/><\/p>\n","protected":false},"excerpt":{"rendered":"<p>Verlinde, leader national des composants de levage&#8230; Verlinde associe EUROPONT depuis plus de 20 ans \u00e0 son ambition europ\u00e9enne. EUROPONT est le premier r\u00e9seau de constructeurs r\u00e9gionaux de ponts roulants. Parce que vous recherchez le conseil pour investir dans une installation de ponts roulants. Parce que vous attendez s\u00e9curit\u00e9, garantie et services d\u2019un fabricant de [&hellip;]<\/p>\n","protected":false},"author":1,"featured_media":0,"parent":6,"menu_order":0,"comment_status":"open","ping_status":"open","template":"","meta":{"_acf_changed":false,"ngg_post_thumbnail":0,"footnotes":""},"class_list":["post-34","page","type-page","status-publish","hentry"],"acf":[],"aioseo_notices":[],"_links":{"self":[{"href":"https:\/\/www.europont.fr\/site\/wp-json\/wp\/v2\/pages\/34"}],"collection":[{"href":"https:\/\/www.europont.fr\/site\/wp-json\/wp\/v2\/pages"}],"about":[{"href":"https:\/\/www.europont.fr\/site\/wp-json\/wp\/v2\/types\/page"}],"author":[{"embeddable":true,"href":"https:\/\/www.europont.fr\/site\/wp-json\/wp\/v2\/users\/1"}],"replies":[{"embeddable":true,"href":"https:\/\/www.europont.fr\/site\/wp-json\/wp\/v2\/comments?post=34"}],"version-history":[{"count":5,"href":"https:\/\/www.europont.fr\/site\/wp-json\/wp\/v2\/pages\/34\/revisions"}],"predecessor-version":[{"id":543,"href":"https:\/\/www.europont.fr\/site\/wp-json\/wp\/v2\/pages\/34\/revisions\/543"}],"up":[{"embeddable":true,"href":"https:\/\/www.europont.fr\/site\/wp-json\/wp\/v2\/pages\/6"}],"wp:attachment":[{"href":"https:\/\/www.europont.fr\/site\/wp-json\/wp\/v2\/media?parent=34"}],"curies":[{"name":"wp","href":"https:\/\/api.w.org\/{rel}","templated":true}]}}