


{"id":459,"date":"2013-12-27T21:36:49","date_gmt":"2013-12-27T20:36:49","guid":{"rendered":"http:\/\/localhost:8888\/europont\/?page_id=459"},"modified":"2014-01-11T23:11:44","modified_gmt":"2014-01-11T22:11:44","slug":"notice-legale","status":"publish","type":"page","link":"https:\/\/www.europont.fr\/site\/notice-legale\/","title":{"rendered":"Notice l\u00e9gale"},"content":{"rendered":"<p>VEUILLEZ LIRE ATTENTIVEMENT LES CONDITIONS G\u00c9N\u00c9RALES SUIVANTES AVANT DE CONSULTER ET D&rsquo;UTILISER LES PAGES DE CE SITE WEB.<\/p>\n<p>En consultant et utilisant les pages du site Web de VERLINDE en France, vous acceptez les conditions g\u00e9n\u00e9rales suivantes. N&rsquo;utilisez pas les pages de notre site Web si vous n&rsquo;acceptez pas toutes ces conditions.<\/p>\n<p>VERLINDE SA est propri\u00e9taire du contenu des pages Web de VERLINDE et conserve les droits d&rsquo;auteur aff\u00e9rents \u00e0 VERLINDE SA, 1998-2008. Tous droits r\u00e9serv\u00e9s.<\/p>\n<p>Aucune information de ce site ne peut \u00eatre reproduite, transmise, diffus\u00e9e ou m\u00e9moris\u00e9e, en totalit\u00e9 ou en partie, sous quelque forme que ce soit, sans le consentement \u00e9crit de VERLINDE. Vous pouvez cependant conserver en m\u00e9moire sur un ordinateur ou imprimer des extraits de ces pages \u00e0 des fins personnelles et non commerciales dans la mesure o\u00f9 les pr\u00e9sentes conditions d&rsquo;utilisation sont respect\u00e9es. Il est interdit de modifier le contenu ou de l&rsquo;utiliser \u00e0 toute autre fin. L&rsquo;utilisation des communiqu\u00e9s de presse et autres documents d&rsquo;int\u00e9r\u00eat public est permise pourvu que la source de l&rsquo;information soit cit\u00e9e.<\/p>\n<p>Pour votre commodit\u00e9, VERLINDE peut inclure des liens \u00e0 d&rsquo;autres sites Web qui sont la propri\u00e9t\u00e9 de tiers ou exploit\u00e9s par des tiers. Lorsque vous acc\u00e9dez \u00e0 un site Web reli\u00e9, vous devez prendre connaissance des r\u00e8gles particuli\u00e8res de ce site et les accepter avant de l&rsquo;utiliser. Vous devez accepter aussi le fait que VERLINDE n&rsquo;exerce aucun contr\u00f4le quant au contenu de ces sites et qu&rsquo;elle ne peut, par cons\u00e9quent, assumer aucune responsabilit\u00e9 concernant le mat\u00e9riel cr\u00e9\u00e9 ou diffus\u00e9 par ces sites tiers. En outre, l&rsquo;existence d&rsquo;un lien avec un site Web n&rsquo;appartenant pas \u00e0 VERLINDE ne signifie pas que VERLINDE reconna\u00eet ou accepte le site ou les produits et services qui y sont d\u00e9crits.<\/p>\n<p>Lorsque vous transmettez des documents \u00e0 l&rsquo;un de nos serveurs, par exemple, par courriel ou par l&rsquo;entremise des pages Web de VERLINDE, vous vous engagez \u00e0 au pr\u00e9alable respecter les conditions suivantes : a) le mat\u00e9riel ne contient aucun \u00e9l\u00e9ment illicite ou impubliable; b) le mat\u00e9riel a fait l&rsquo;objet de mesures de d\u00e9tection et d&rsquo;\u00e9limination de virus \u00e9ventuels ou de tout autre \u00e9l\u00e9ment de contamination ou de nature destructrice; c) le mat\u00e9riel est votre propri\u00e9t\u00e9 ou vous avez le droit illimit\u00e9 de nous le fournir et VERLINDE peut le publier sans frais et\/ou l&rsquo;int\u00e9grer ou encore int\u00e9grer les concepts qui y sont d\u00e9crits dans ses produits sans responsabilit\u00e9 de sa part; d) vous acceptez de ne prendre aucune mesure contre VERLINDE concernant le mat\u00e9riel que vous nous avez transmis et vous acceptez de nous indemniser dans l&rsquo;\u00e9ventualit\u00e9 o\u00f9 un tiers prendrait des mesures contre nous \u00e0 cause des documents que vous nous auriez transmis.<\/p>\n<p>VERLINDE n&rsquo;entend faire et ne veut faire aucune r\u00e9vision du contenu affich\u00e9 par ses usagers sur son site Web et n&rsquo;assume aucune responsabilit\u00e9 eu \u00e9gard \u00e0 ce contenu. VERLINDE peut, \u00e0 sa discr\u00e9tion et en tout temps, retirer tout contenu affich\u00e9 par ses utilisateurs.<\/p>\n<p>Ce site Web et les renseignements qui y figurent sont fournis par VERLINDE \u00ab tels quels \u00bb et selon la disponibilit\u00e9 et sans garantie d&rsquo;aucune nature, expresse ou implicite, y compris les garanties de justesse, d&rsquo;exactitude ou de fiabilit\u00e9 de ces pages, \u00e0 moins d&rsquo;indications contraires. VERLINDE ne garantit pas que ces pages ou le serveur qui les met \u00e0 disposition sont exempts de virus ou de tout autre \u00e9l\u00e9ment nuisible. VERLINDE ne donne aucune garantie comme quoi ses pages Web ne subiront aucune interruption ou sont exemptes d&rsquo;erreurs. VERLINDE se r\u00e9serve le droit de modifier les pages ou d&rsquo;en interdire l&rsquo;acc\u00e8s en tout temps.<\/p>\n<p>CE SITE WEB EST FOURNI SANS GARANTIE D&rsquo;AUCUNE NATURE, EXPRESSE OU IMPLICITE, Y COMPRIS, SANS S&rsquo;Y LIMITER, LES GARANTIES DE TITRE OU D&rsquo;ABSENCE DE CONTREFA\u00c7ON OU LES GARANTIES IMPLICITES DE LA QUALIT\u00c9 MARCHANDE OU DE CONFORMIT\u00c9 \u00c0 DES BESOINS PARTICULIERS, EN CE QUI CONCERNE LA DISPONIBILIT\u00c9, L&rsquo;EXACTITUDE, LA FIABILIT\u00c9 OU LE CONTENU DE CES PAGES.<\/p>\n<p>VERLINDE NE SE TIENT RESPONSABLE EN AUCUNE CIRCONSTANCE DES DOMMAGES ACCIDENTELS, PARTICULIERS OU AUTRES DOMMAGES CONS\u00c9QUENTS, DIRECTS OU INDIRECTS, Y COMPRIS, SANS S&rsquo;Y LIMITER, UNE PERTE DE B\u00c9N\u00c9FICES, UNE INTERRUPTION DES ACTIVIT\u00c9S D\u00c9COULANT DE L&rsquo;UTILISATION OU DE L&rsquo;INCAPACIT\u00c9 D&rsquo;UTILISER CE SERVICE, M\u00caME SI VERLINDE A \u00c9T\u00c9 EXPRESS\u00c9MENT AVIS\u00c9E DE LA POSSIBILIT\u00c9 DE TELS DOMMAGES.<\/p>\n<p>DES ADMINISTRATIONS NE PERMETTENT PAS L&rsquo;EXON\u00c9RATION DE CERTAINES GARANTIES OU RESTRICTIONS DE LA RESPONSABILIT\u00c9; PAR CONS\u00c9QUENT, IL EST POSSIBLE QUE L&rsquo;EXON\u00c9RATION SUSMENTIONN\u00c9E NE S&rsquo;APPLIQUE PAS \u00c0 VOUS. \u00c0 CET \u00c9GARD, LA RESPONSABILIT\u00c9 DE VERLINDE SERAIT LIMIT\u00c9E DANS TOUTE LA MESURE COMPATIBLE AVEC LA LOI.<\/p>\n<p>VERLINDE, le logo de la Soci\u00e9t\u00e9 et les noms de produits de VERLINDE sont tous des marques de commerce de VERLINDE. Il est possible que les autres noms de produits et de soci\u00e9t\u00e9s mentionn\u00e9s dans les pr\u00e9sentes soient aussi des marques de commerce ou des appellations commerciales de leurs propri\u00e9taires respectifs. L&rsquo;acc\u00e8s \u00e0 ce site ne doit en aucun cas \u00eatre interpr\u00e9t\u00e9 comme donnant droit, implicitement, par pr\u00e9clusion ou autrement, \u00e0 un permis ou \u00e0 un droit d&rsquo;utiliser l&rsquo;une ou l&rsquo;autre des marques qui y sont mentionn\u00e9es sans le consentement \u00e9crit de VERLINDE ou du tiers vis\u00e9.<br \/>\n<script type=\"text\/javascript\" language=\"JavaScript\">\/\/ <![CDATA[\nvar year=new Date().getFullYear();\ndocument.write(\"Copyright \",year,\" - Verlinde\");\n\/\/ ]]><\/script>. Tous droits r\u00e9serv\u00e9s<\/p>\n","protected":false},"excerpt":{"rendered":"<p>VEUILLEZ LIRE ATTENTIVEMENT LES CONDITIONS G\u00c9N\u00c9RALES SUIVANTES AVANT DE CONSULTER ET D&rsquo;UTILISER LES PAGES DE CE SITE WEB. En consultant et utilisant les pages du site Web de VERLINDE en France, vous acceptez les conditions g\u00e9n\u00e9rales suivantes. N&rsquo;utilisez pas les pages de notre site Web si vous n&rsquo;acceptez pas toutes ces conditions. VERLINDE SA est [&hellip;]<\/p>\n","protected":false},"author":1,"featured_media":0,"parent":0,"menu_order":2,"comment_status":"open","ping_status":"closed","template":"conditions.php","meta":{"_acf_changed":false,"ngg_post_thumbnail":0,"footnotes":""},"class_list":["post-459","page","type-page","status-publish","hentry"],"acf":[],"aioseo_notices":[],"_links":{"self":[{"href":"https:\/\/www.europont.fr\/site\/wp-json\/wp\/v2\/pages\/459"}],"collection":[{"href":"https:\/\/www.europont.fr\/site\/wp-json\/wp\/v2\/pages"}],"about":[{"href":"https:\/\/www.europont.fr\/site\/wp-json\/wp\/v2\/types\/page"}],"author":[{"embeddable":true,"href":"https:\/\/www.europont.fr\/site\/wp-json\/wp\/v2\/users\/1"}],"replies":[{"embeddable":true,"href":"https:\/\/www.europont.fr\/site\/wp-json\/wp\/v2\/comments?post=459"}],"version-history":[{"count":7,"href":"https:\/\/www.europont.fr\/site\/wp-json\/wp\/v2\/pages\/459\/revisions"}],"predecessor-version":[{"id":565,"href":"https:\/\/www.europont.fr\/site\/wp-json\/wp\/v2\/pages\/459\/revisions\/565"}],"wp:attachment":[{"href":"https:\/\/www.europont.fr\/site\/wp-json\/wp\/v2\/media?parent=459"}],"curies":[{"name":"wp","href":"https:\/\/api.w.org\/{rel}","templated":true}]}}