


{"id":57,"date":"2013-12-04T21:33:20","date_gmt":"2013-12-04T20:33:20","guid":{"rendered":"http:\/\/localhost:8888\/europont\/?page_id=57"},"modified":"2014-01-11T21:36:35","modified_gmt":"2014-01-11T20:36:35","slug":"une-qualite-optimale","status":"publish","type":"page","link":"https:\/\/www.europont.fr\/site\/societe\/une-qualite-optimale\/","title":{"rendered":"Une qualit\u00e9 optimale"},"content":{"rendered":"<h1>EUROPONT, une seule exigence :<br \/>\nla qualit\u00e9<\/h1>\n<p>La qualit\u00e9 EUROPONT que l&rsquo;on retrouve \u00e0 tous les niveaux du process.<\/p>\n<ul>\n<li class=\"top5\">Gr\u00e2ce \u00e0 une \u00e9quipe d\u2019hommes et de femmes exp\u00e9riment\u00e9s r\u00e9solument \u00e0 l\u2019\u00e9coute de vos besoins.<\/li>\n<li class=\"top5\">Par une formation pouss\u00e9e \u00e0 tous les stades de la fabrication.<\/li>\n<li class=\"top5\">Gr\u00e2ce \u00e0 des bancs de soudage et des m\u00e9thodes de fabrication performantes.<\/li>\n<li class=\"top5\">En accord avec les exigences de la directive machine, des clients et des bureaux de contr\u00f4le agr\u00e9es.<\/li>\n<li class=\"top5\">Centre de fabrication ISO 9001.<\/li>\n<\/ul>\n<p><img loading=\"lazy\" decoding=\"async\" class=\"mb15 mt15\" alt=\"La qualit\u00e9 Europont\" src=\"http:\/\/www.europont.fr\/site\/wp-content\/uploads\/2013\/12\/exigence.jpg\" width=\"479\" height=\"210\" \/><\/p>\n","protected":false},"excerpt":{"rendered":"<p>EUROPONT, une seule exigence : la qualit\u00e9 La qualit\u00e9 EUROPONT que l&rsquo;on retrouve \u00e0 tous les niveaux du process. Gr\u00e2ce \u00e0 une \u00e9quipe d\u2019hommes et de femmes exp\u00e9riment\u00e9s r\u00e9solument \u00e0 l\u2019\u00e9coute de vos besoins. Par une formation pouss\u00e9e \u00e0 tous les stades de la fabrication. Gr\u00e2ce \u00e0 des bancs de soudage et des m\u00e9thodes de [&hellip;]<\/p>\n","protected":false},"author":1,"featured_media":0,"parent":6,"menu_order":3,"comment_status":"open","ping_status":"closed","template":"","meta":{"_acf_changed":false,"ngg_post_thumbnail":0,"footnotes":""},"class_list":["post-57","page","type-page","status-publish","hentry"],"acf":[],"aioseo_notices":[],"_links":{"self":[{"href":"https:\/\/www.europont.fr\/site\/wp-json\/wp\/v2\/pages\/57"}],"collection":[{"href":"https:\/\/www.europont.fr\/site\/wp-json\/wp\/v2\/pages"}],"about":[{"href":"https:\/\/www.europont.fr\/site\/wp-json\/wp\/v2\/types\/page"}],"author":[{"embeddable":true,"href":"https:\/\/www.europont.fr\/site\/wp-json\/wp\/v2\/users\/1"}],"replies":[{"embeddable":true,"href":"https:\/\/www.europont.fr\/site\/wp-json\/wp\/v2\/comments?post=57"}],"version-history":[{"count":10,"href":"https:\/\/www.europont.fr\/site\/wp-json\/wp\/v2\/pages\/57\/revisions"}],"predecessor-version":[{"id":554,"href":"https:\/\/www.europont.fr\/site\/wp-json\/wp\/v2\/pages\/57\/revisions\/554"}],"up":[{"embeddable":true,"href":"https:\/\/www.europont.fr\/site\/wp-json\/wp\/v2\/pages\/6"}],"wp:attachment":[{"href":"https:\/\/www.europont.fr\/site\/wp-json\/wp\/v2\/media?parent=57"}],"curies":[{"name":"wp","href":"https:\/\/api.w.org\/{rel}","templated":true}]}}