


{"id":96,"date":"2013-12-05T10:01:21","date_gmt":"2013-12-05T09:01:21","guid":{"rendered":"http:\/\/localhost:8888\/europont\/?page_id=96"},"modified":"2019-09-20T14:21:22","modified_gmt":"2019-09-20T13:21:22","slug":"verlinde","status":"publish","type":"page","link":"https:\/\/www.europont.fr\/site\/partenaires\/verlinde\/","title":{"rendered":"VERLINDE"},"content":{"rendered":"<div class=\"mb10\"><img loading=\"lazy\" decoding=\"async\" class=\"alignnone size-full wp-image-643\" alt=\"verlinde-logo-8\" src=\"http:\/\/www.europont.fr\/site\/wp-content\/uploads\/2019\/09\/verlinde-logo-8.png\" width=\"316\" height=\"66\" srcset=\"https:\/\/www.europont.fr\/site\/wp-content\/uploads\/2019\/09\/verlinde-logo-8.png 316w, https:\/\/www.europont.fr\/site\/wp-content\/uploads\/2019\/09\/verlinde-logo-8-300x62.png 300w\" sizes=\"(max-width: 316px) 100vw, 316px\" \/><\/div>\n<h3>Next level partnership<\/h3>\n<p class=\"mb10\">Implant\u00e9 au c\u0153ur de la r\u00e9gion Centre, VERLINDE est le premier constructeur et exportateur fran\u00e7ais de mat\u00e9riel de levage et manutention.<\/p>\n<p class=\"mb10\">Chaque r\u00e9alisation sign\u00e9e des centres de production de VERLINDE est issue de moyens de production constamment am\u00e9lior\u00e9s et adapt\u00e9s \u00e0 la construction moderne.<br \/>\nLes mat\u00e9riaux et composants, qui entrent dans la fabrication de nos produits, subissent les contr\u00f4les les plus drastiques.<\/p>\n<p>VERLINDE assure, sur ses diff\u00e9rents sites de production, la fabrication en grande s\u00e9rie de palans \u00e9lectriques \u00e0 c\u00e2ble, \u00e0 cha\u00eene, \u00e0 sangle, ainsi que des appareils de levage manuel.<\/p>\n<p class=\"mb10\">Des commerciaux rompus aux techniques du levage analysent en sp\u00e9cialistes les probl\u00e8mes pos\u00e9s par chaque projet d\u2019installation (10 agences sur la France, des agences et des repr\u00e9sentations dans plus de 55\u00a0pays dans le monde).<\/p>\n<p>Une r\u00e9ponse rapide : nos commerciaux sont capables de r\u00e9pondre imm\u00e9diatement \u00e0 toute demande d\u2019\u00e9quipement standard, pour des demandes plus particuli\u00e8res notre service Engineering vous r\u00e9pondra sous les plus bref d\u00e9lais.<\/p>\n<p>Des livraisons ponctuelles : notre planning est un \u00e9l\u00e9ment cl\u00e9 de notre activit\u00e9, nos usines sont organis\u00e9es pour faire face \u00e0 des demandes inhabituelles.<\/p>\n<p class=\"mt20 mb20\"><a class=\"link-internet\" href=\"http:\/\/www.verlinde.fr\" target=\"_blank\">verlinde.com<\/a><\/p>\n","protected":false},"excerpt":{"rendered":"<p>Next level partnership Implant\u00e9 au c\u0153ur de la r\u00e9gion Centre, VERLINDE est le premier constructeur et exportateur fran\u00e7ais de mat\u00e9riel de levage et manutention. Chaque r\u00e9alisation sign\u00e9e des centres de production de VERLINDE est issue de moyens de production constamment am\u00e9lior\u00e9s et adapt\u00e9s \u00e0 la construction moderne. Les mat\u00e9riaux et composants, qui entrent dans la [&hellip;]<\/p>\n","protected":false},"author":1,"featured_media":0,"parent":20,"menu_order":0,"comment_status":"open","ping_status":"open","template":"","meta":{"_acf_changed":false,"ngg_post_thumbnail":0,"footnotes":""},"class_list":["post-96","page","type-page","status-publish","hentry"],"acf":[],"aioseo_notices":[],"_links":{"self":[{"href":"https:\/\/www.europont.fr\/site\/wp-json\/wp\/v2\/pages\/96"}],"collection":[{"href":"https:\/\/www.europont.fr\/site\/wp-json\/wp\/v2\/pages"}],"about":[{"href":"https:\/\/www.europont.fr\/site\/wp-json\/wp\/v2\/types\/page"}],"author":[{"embeddable":true,"href":"https:\/\/www.europont.fr\/site\/wp-json\/wp\/v2\/users\/1"}],"replies":[{"embeddable":true,"href":"https:\/\/www.europont.fr\/site\/wp-json\/wp\/v2\/comments?post=96"}],"version-history":[{"count":10,"href":"https:\/\/www.europont.fr\/site\/wp-json\/wp\/v2\/pages\/96\/revisions"}],"predecessor-version":[{"id":646,"href":"https:\/\/www.europont.fr\/site\/wp-json\/wp\/v2\/pages\/96\/revisions\/646"}],"up":[{"embeddable":true,"href":"https:\/\/www.europont.fr\/site\/wp-json\/wp\/v2\/pages\/20"}],"wp:attachment":[{"href":"https:\/\/www.europont.fr\/site\/wp-json\/wp\/v2\/media?parent=96"}],"curies":[{"name":"wp","href":"https:\/\/api.w.org\/{rel}","templated":true}]}}